{"id":14383,"date":"2025-10-20T17:28:31","date_gmt":"2025-10-20T17:28:31","guid":{"rendered":"https:\/\/exaltachocolate.com\/envios-y-devoluciones"},"modified":"2025-12-04T15:59:29","modified_gmt":"2025-12-04T15:59:29","slug":"enviaments-i-devolucions","status":"publish","type":"page","link":"https:\/\/exaltachocolate.com\/ca\/enviaments-i-devolucions","title":{"rendered":"Enviaments i devolucions"},"content":{"rendered":"\t\t<div data-elementor-type=\"wp-page\" data-elementor-id=\"14383\" class=\"elementor elementor-14383 elementor-16\" data-elementor-post-type=\"page\">\n\t\t\t\t<div class=\"elementor-element elementor-element-3697877d e-flex e-con-boxed qodef-elementor-content-no e-con e-parent\" data-id=\"3697877d\" data-element_type=\"container\" data-e-type=\"container\">\n\t\t\t\t\t<div class=\"e-con-inner\">\n\t\t\t\t<div class=\"elementor-element elementor-element-66517ac6 elementor-widget elementor-widget-text-editor\" data-id=\"66517ac6\" data-element_type=\"widget\" data-e-type=\"widget\" data-widget_type=\"text-editor.default\">\n\t\t\t\t\t\t\t\t\t<p><b>Travelling flavours a casa teva<\/b><\/p><h2 class=\"wp-block-heading\">enviaments<\/h2><p>Enviem a Espanya pen\u00ednsula i Balears. Les despeses d&#8217;enviament s\u00f3n 9,9\u20ac<\/p><p>Enviem en un servei 24-48h a trav\u00e9s de SEUR FRED.<\/p><p>En \u00e8poca de calor no enviem els divendres perqu\u00e8 el paquet no estigui als magatzems de SEUR durant tot el cap de setmana. Per tant fem enviaments de dilluns a dijous. Quan les temperatures ja baixen enviem de dilluns a divendres.<\/p><p>Les comandes realitzades fins a les 12:00 s&#8217;envien aquest mateix dia, a partir de les 12:00 seran expedides al dia seg\u00fcent.<\/p><p>Per enviar a altres destinacions (Can\u00e0ries o qualsevol altre pa\u00eds) contacteu amb nosaltres a trav\u00e9s d&#8217;e-mail: hola@exaltachocolate.com o WhatsApp (640803826)<\/p><p>Els productes que indiquem que no tenim estoc no els podem servir, tot i aix\u00ed, setmanalment anem reposant productes.<br \/>Els nostres preus apareixen amb IVA incl\u00f2s.<\/p><p>Demanarem les dades per facturar i enviar les compres d&#8217;acord amb la llei vigent.<\/p><p>En cas de necessitar ajuda per comprar els nostres productes no dubtis en posar-te en contacte amb nosaltres a hola@exaltachocolate.com<\/p><h2 class=\"wp-block-heading\">DEVOLUCIONS<\/h2><p>Com que \u00e9s un producte alimentari no s&#8217;admeten devolucions. Tot i aix\u00ed, si hi ha alguna incid\u00e8ncia posa&#8217;t en contacte amb nosaltres per trobar la millor soluci\u00f3.<br \/>En cas que el producte lliurat no es correspongui amb la comanda realitzada, d&#8217;acord amb la legislaci\u00f3 aplicable, reemborsarem el preu del producte i de les despeses d&#8217;enviament.<\/p><p>Per als sup\u00f2sits casos que es necessiti fer una devoluci\u00f3 o una reclamaci\u00f3, si us plau, poseu-vos en contacte amb nosaltres hola@exaltachocolate.com o WhatsApp (640803826)<\/p>\t\t\t\t\t\t\t\t<\/div>\n\t\t\t\t\t<\/div>\n\t\t\t\t<\/div>\n\t\t\t\t<\/div>\n\t\t","protected":false},"excerpt":{"rendered":"<p>Travelling flavours a casa teva enviaments Enviem a Espanya pen\u00ednsula i Balears. Les despeses d&#8217;enviament s\u00f3n 9,9\u20ac Enviem en un servei 24-48h a trav\u00e9s de SEUR FRED. En \u00e8poca de calor no enviem els divendres perqu\u00e8 el paquet no estigui als magatzems de SEUR durant tot el cap de setmana. Per tant fem enviaments de [&hellip;]<\/p>\n","protected":false},"author":1,"featured_media":0,"parent":0,"menu_order":0,"comment_status":"closed","ping_status":"closed","template":"","meta":{"_acf_changed":false,"footnotes":""},"class_list":["post-14383","page","type-page","status-publish","hentry"],"acf":[],"yoast_head":"<!-- This site is optimized with the Yoast SEO plugin v27.4 - https:\/\/yoast.com\/product\/yoast-seo-wordpress\/ -->\n<title>Enviaments i devolucions - exaltachocolate<\/title>\n<meta name=\"robots\" content=\"noindex, nofollow\" \/>\n<meta property=\"og:locale\" content=\"ca_ES\" \/>\n<meta property=\"og:type\" content=\"article\" \/>\n<meta property=\"og:title\" content=\"Enviaments i devolucions - exaltachocolate\" \/>\n<meta property=\"og:description\" content=\"Travelling flavours a casa teva enviaments Enviem a Espanya pen\u00ednsula i Balears. Les despeses d&#8217;enviament s\u00f3n 9,9\u20ac Enviem en un servei 24-48h a trav\u00e9s de SEUR FRED. En \u00e8poca de calor no enviem els divendres perqu\u00e8 el paquet no estigui als magatzems de SEUR durant tot el cap de setmana. Per tant fem enviaments de [&hellip;]\" \/>\n<meta property=\"og:url\" content=\"https:\/\/exaltachocolate.com\/ca\/enviaments-i-devolucions\" \/>\n<meta property=\"og:site_name\" content=\"exaltachocolate\" \/>\n<meta property=\"article:modified_time\" content=\"2025-12-04T15:59:29+00:00\" \/>\n<meta name=\"twitter:card\" content=\"summary_large_image\" \/>\n<meta name=\"twitter:label1\" content=\"Temps estimat de lectura\" \/>\n\t<meta name=\"twitter:data1\" content=\"2 minuts\" \/>\n<script type=\"application\/ld+json\" class=\"yoast-schema-graph\">{\"@context\":\"https:\\\/\\\/schema.org\",\"@graph\":[{\"@type\":\"WebPage\",\"@id\":\"https:\\\/\\\/exaltachocolate.com\\\/ca\\\/enviaments-i-devolucions\",\"url\":\"https:\\\/\\\/exaltachocolate.com\\\/ca\\\/enviaments-i-devolucions\",\"name\":\"Enviaments i devolucions - exaltachocolate\",\"isPartOf\":{\"@id\":\"https:\\\/\\\/exaltachocolate.com\\\/ca#website\"},\"datePublished\":\"2025-10-20T17:28:31+00:00\",\"dateModified\":\"2025-12-04T15:59:29+00:00\",\"breadcrumb\":{\"@id\":\"https:\\\/\\\/exaltachocolate.com\\\/ca\\\/enviaments-i-devolucions#breadcrumb\"},\"inLanguage\":\"ca\",\"potentialAction\":[{\"@type\":\"ReadAction\",\"target\":[\"https:\\\/\\\/exaltachocolate.com\\\/ca\\\/enviaments-i-devolucions\"]}]},{\"@type\":\"BreadcrumbList\",\"@id\":\"https:\\\/\\\/exaltachocolate.com\\\/ca\\\/enviaments-i-devolucions#breadcrumb\",\"itemListElement\":[{\"@type\":\"ListItem\",\"position\":1,\"name\":\"Portada\",\"item\":\"https:\\\/\\\/exaltachocolate.com\\\/ca\"},{\"@type\":\"ListItem\",\"position\":2,\"name\":\"Enviaments i devolucions\"}]},{\"@type\":\"WebSite\",\"@id\":\"https:\\\/\\\/exaltachocolate.com\\\/ca#website\",\"url\":\"https:\\\/\\\/exaltachocolate.com\\\/ca\",\"name\":\"exaltachocolate\",\"description\":\"Travelling flavours\",\"publisher\":{\"@id\":\"https:\\\/\\\/exaltachocolate.com\\\/ca#organization\"},\"potentialAction\":[{\"@type\":\"SearchAction\",\"target\":{\"@type\":\"EntryPoint\",\"urlTemplate\":\"https:\\\/\\\/exaltachocolate.com\\\/ca?s={search_term_string}\"},\"query-input\":{\"@type\":\"PropertyValueSpecification\",\"valueRequired\":true,\"valueName\":\"search_term_string\"}}],\"inLanguage\":\"ca\"},{\"@type\":\"Organization\",\"@id\":\"https:\\\/\\\/exaltachocolate.com\\\/ca#organization\",\"name\":\"exaltachocolate\",\"url\":\"https:\\\/\\\/exaltachocolate.com\\\/ca\",\"logo\":{\"@type\":\"ImageObject\",\"inLanguage\":\"ca\",\"@id\":\"https:\\\/\\\/exaltachocolate.com\\\/ca#\\\/schema\\\/logo\\\/image\\\/\",\"url\":\"https:\\\/\\\/exaltachocolate.com\\\/wp-content\\\/uploads\\\/2025\\\/10\\\/logo-color-corporatiu-.png\",\"contentUrl\":\"https:\\\/\\\/exaltachocolate.com\\\/wp-content\\\/uploads\\\/2025\\\/10\\\/logo-color-corporatiu-.png\",\"width\":2000,\"height\":1414,\"caption\":\"exaltachocolate\"},\"image\":{\"@id\":\"https:\\\/\\\/exaltachocolate.com\\\/ca#\\\/schema\\\/logo\\\/image\\\/\"}}]}<\/script>\n<!-- \/ Yoast SEO plugin. -->","yoast_head_json":{"title":"Enviaments i devolucions - exaltachocolate","robots":{"index":"noindex","follow":"nofollow"},"og_locale":"ca_ES","og_type":"article","og_title":"Enviaments i devolucions - exaltachocolate","og_description":"Travelling flavours a casa teva enviaments Enviem a Espanya pen\u00ednsula i Balears. Les despeses d&#8217;enviament s\u00f3n 9,9\u20ac Enviem en un servei 24-48h a trav\u00e9s de SEUR FRED. En \u00e8poca de calor no enviem els divendres perqu\u00e8 el paquet no estigui als magatzems de SEUR durant tot el cap de setmana. Per tant fem enviaments de [&hellip;]","og_url":"https:\/\/exaltachocolate.com\/ca\/enviaments-i-devolucions","og_site_name":"exaltachocolate","article_modified_time":"2025-12-04T15:59:29+00:00","twitter_card":"summary_large_image","twitter_misc":{"Temps estimat de lectura":"2 minuts"},"schema":{"@context":"https:\/\/schema.org","@graph":[{"@type":"WebPage","@id":"https:\/\/exaltachocolate.com\/ca\/enviaments-i-devolucions","url":"https:\/\/exaltachocolate.com\/ca\/enviaments-i-devolucions","name":"Enviaments i devolucions - exaltachocolate","isPartOf":{"@id":"https:\/\/exaltachocolate.com\/ca#website"},"datePublished":"2025-10-20T17:28:31+00:00","dateModified":"2025-12-04T15:59:29+00:00","breadcrumb":{"@id":"https:\/\/exaltachocolate.com\/ca\/enviaments-i-devolucions#breadcrumb"},"inLanguage":"ca","potentialAction":[{"@type":"ReadAction","target":["https:\/\/exaltachocolate.com\/ca\/enviaments-i-devolucions"]}]},{"@type":"BreadcrumbList","@id":"https:\/\/exaltachocolate.com\/ca\/enviaments-i-devolucions#breadcrumb","itemListElement":[{"@type":"ListItem","position":1,"name":"Portada","item":"https:\/\/exaltachocolate.com\/ca"},{"@type":"ListItem","position":2,"name":"Enviaments i devolucions"}]},{"@type":"WebSite","@id":"https:\/\/exaltachocolate.com\/ca#website","url":"https:\/\/exaltachocolate.com\/ca","name":"exaltachocolate","description":"Travelling flavours","publisher":{"@id":"https:\/\/exaltachocolate.com\/ca#organization"},"potentialAction":[{"@type":"SearchAction","target":{"@type":"EntryPoint","urlTemplate":"https:\/\/exaltachocolate.com\/ca?s={search_term_string}"},"query-input":{"@type":"PropertyValueSpecification","valueRequired":true,"valueName":"search_term_string"}}],"inLanguage":"ca"},{"@type":"Organization","@id":"https:\/\/exaltachocolate.com\/ca#organization","name":"exaltachocolate","url":"https:\/\/exaltachocolate.com\/ca","logo":{"@type":"ImageObject","inLanguage":"ca","@id":"https:\/\/exaltachocolate.com\/ca#\/schema\/logo\/image\/","url":"https:\/\/exaltachocolate.com\/wp-content\/uploads\/2025\/10\/logo-color-corporatiu-.png","contentUrl":"https:\/\/exaltachocolate.com\/wp-content\/uploads\/2025\/10\/logo-color-corporatiu-.png","width":2000,"height":1414,"caption":"exaltachocolate"},"image":{"@id":"https:\/\/exaltachocolate.com\/ca#\/schema\/logo\/image\/"}}]}},"_links":{"self":[{"href":"https:\/\/exaltachocolate.com\/ca\/wp-json\/wp\/v2\/pages\/14383","targetHints":{"allow":["GET"]}}],"collection":[{"href":"https:\/\/exaltachocolate.com\/ca\/wp-json\/wp\/v2\/pages"}],"about":[{"href":"https:\/\/exaltachocolate.com\/ca\/wp-json\/wp\/v2\/types\/page"}],"author":[{"embeddable":true,"href":"https:\/\/exaltachocolate.com\/ca\/wp-json\/wp\/v2\/users\/1"}],"replies":[{"embeddable":true,"href":"https:\/\/exaltachocolate.com\/ca\/wp-json\/wp\/v2\/comments?post=14383"}],"version-history":[{"count":9,"href":"https:\/\/exaltachocolate.com\/ca\/wp-json\/wp\/v2\/pages\/14383\/revisions"}],"predecessor-version":[{"id":15136,"href":"https:\/\/exaltachocolate.com\/ca\/wp-json\/wp\/v2\/pages\/14383\/revisions\/15136"}],"wp:attachment":[{"href":"https:\/\/exaltachocolate.com\/ca\/wp-json\/wp\/v2\/media?parent=14383"}],"curies":[{"name":"wp","href":"https:\/\/api.w.org\/{rel}","templated":true}]}}