{"id":14413,"date":"2021-02-10T12:42:11","date_gmt":"2021-02-10T12:42:11","guid":{"rendered":"https:\/\/exaltachocolate.com\/alexandra-navarro"},"modified":"2025-12-04T15:57:10","modified_gmt":"2025-12-04T15:57:10","slug":"alexandra-navarro","status":"publish","type":"page","link":"https:\/\/exaltachocolate.com\/ca\/alexandra-navarro","title":{"rendered":"Alexandra Navarro"},"content":{"rendered":"\t\t<div data-elementor-type=\"wp-page\" data-elementor-id=\"14413\" class=\"elementor elementor-14413 elementor-4699\" data-elementor-post-type=\"page\">\n\t\t\t\t\t\t<section class=\"elementor-section elementor-top-section elementor-element elementor-element-d39efb1 qodef-elementor-content-grid elementor-section-boxed elementor-section-height-default elementor-section-height-default\" data-id=\"d39efb1\" data-element_type=\"section\" data-e-type=\"section\">\n\t\t\t\t\t\t<div class=\"elementor-container elementor-column-gap-default\">\n\t\t\t\t\t<div class=\"elementor-column elementor-col-50 elementor-top-column elementor-element elementor-element-b47f8d9\" data-id=\"b47f8d9\" data-element_type=\"column\" data-e-type=\"column\">\n\t\t\t<div class=\"elementor-widget-wrap elementor-element-populated\">\n\t\t\t\t\t\t<div class=\"elementor-element elementor-element-c7715d5 elementor-widget elementor-widget-image\" data-id=\"c7715d5\" data-element_type=\"widget\" data-e-type=\"widget\" data-widget_type=\"image.default\">\n\t\t\t\t\t\t\t\t\t\t\t\t\t\t\t<img fetchpriority=\"high\" decoding=\"async\" width=\"4000\" height=\"6000\" src=\"https:\/\/exaltachocolate.com\/wp-content\/uploads\/2025\/10\/LLEHI-70-1.jpg\" class=\"attachment-full size-full wp-image-14487\" alt=\"\" \/>\t\t\t\t\t\t\t\t\t\t\t\t\t\t\t<\/div>\n\t\t\t\t\t<\/div>\n\t\t<\/div>\n\t\t\t\t<div class=\"elementor-column elementor-col-50 elementor-top-column elementor-element elementor-element-d868597\" data-id=\"d868597\" data-element_type=\"column\" data-e-type=\"column\">\n\t\t\t<div class=\"elementor-widget-wrap elementor-element-populated\">\n\t\t\t\t\t\t<div class=\"elementor-element elementor-element-97cb1e4 elementor-widget elementor-widget-swissdelight_core_section_title\" data-id=\"97cb1e4\" data-element_type=\"widget\" data-e-type=\"widget\" data-widget_type=\"swissdelight_core_section_title.default\">\n\t\t\t\t<div class=\"elementor-widget-container\">\n\t\t\t\t\t<div class=\"qodef-shortcode qodef-m qodef-section-title qodef-alignment--left qodef-appear-animation--enabled\">\n\t\t<span class=\"qodef-m-tagline\" style=\"color: #FFFFFF\">Chocolatier<\/span>\n\t<h2 class=\"qodef-m-title\" style=\"color: #CEAE6B\">\n\t\t\tBiografia\t<\/h2>\n\t\t<p class=\"qodef-m-text\" style=\"margin-top: 15px;color: #CEAE6B\">S\u00f3c Alexandra, xef xocolatera i cofundadora d&#039;Exalta, l&#039;espai on transformo la xocolata en experi\u00e8ncies sensorials que expliquen hist\u00f2ries. S\u00f3c Alexandra, xef xocolatera i cofundadora d&#039;Exalta, l&#039;espai on transformo la xocolata en experi\u00e8ncies sensorials que expliquen hist\u00f2ries.<\/p>\n\t<\/div>\n\t\t\t\t<\/div>\n\t\t\t\t<\/div>\n\t\t\t\t<div class=\"elementor-element elementor-element-6b0fb85 elementor-widget elementor-widget-swissdelight_core_section_title\" data-id=\"6b0fb85\" data-element_type=\"widget\" data-e-type=\"widget\" data-widget_type=\"swissdelight_core_section_title.default\">\n\t\t\t\t<div class=\"elementor-widget-container\">\n\t\t\t\t\t<div class=\"qodef-shortcode qodef-m qodef-section-title qodef-alignment--left qodef-appear-animation--enabled\">\n\t\t<h5 class=\"qodef-m-title\" style=\"color: #CEAE6B\">\n\t\t\tS\u00f3c l'Alexandra, xef xocolatera i cofundadora d'Exalta\t<\/h5>\n\t\t<p class=\"qodef-m-text\" style=\"margin-top: 7px;color: #CEAE6B\">Tot i ser treballadora social de formaci\u00f3, el 2015 \u2014amb 26 anys\u2014 vaig decidir fer un gir a la meva vida i sumar-me al projecte d&#039;\u00c0lex. Vaig comen\u00e7ar com a ajudant, observant i aprenent cada dia, fins que el m\u00f3n de la xocolata em va captivar completament i vam decidir crear la nostra pr\u00f2pia marca.\nEl 2019, coincidint amb la meva primera maternitat, vam descobrir l&#039;univers dels bombons. Aquell moment va ser revelador: vaig entendre que em volia dedicar plenament a aquesta petita joia gastron\u00f2mica i donar-li el valor que mereix. Des de llavors m&#039;he format amb grans professionals que m&#039;han ajudat a trobar la meva pr\u00f2pia ess\u00e8ncia com a creadora.\nLa part que m\u00e9s gaudeixo del meu treball \u00e9s la creativitat. La xocolata \u00e9s un territori infinit, sense l\u00edmits, que em permet explorar, jugar i somiar.\nLa meva inspiraci\u00f3 arriba de dues grans fonts: la m\u00fasica -que m&#039;acompanya tant els dies tranquils com els m\u00e9s intensos- i els viatges, que m&#039;obren finestres a altres cultures a trav\u00e9s de la seva gastronomia.<\/p>\n\t<\/div>\n\t\t\t\t<\/div>\n\t\t\t\t<\/div>\n\t\t\t\t<div class=\"elementor-element elementor-element-2f72d80 elementor-widget elementor-widget-image\" data-id=\"2f72d80\" data-element_type=\"widget\" data-e-type=\"widget\" data-widget_type=\"image.default\">\n\t\t\t\t\t\t\t\t\t\t\t\t\t\t\t<img decoding=\"async\" src=\"https:\/\/exaltachocolate.com\/wp-content\/uploads\/elementor\/thumbs\/h1-author-img2-rd6zhscplnbwarh3st3hpnu0pe1umw1r54dabofqbw.png\" title=\"h1 author img2\" alt=\"n\" loading=\"lazy\" \/>\t\t\t\t\t\t\t\t\t\t\t\t\t\t\t<\/div>\n\t\t\t\t<div class=\"elementor-element elementor-element-1d4c613 elementor-widget elementor-widget-text-editor\" data-id=\"1d4c613\" data-element_type=\"widget\" data-e-type=\"widget\" data-widget_type=\"text-editor.default\">\n\t\t\t\t\t\t\t\t\t<h6>Maria T. Jones<\/h6>\t\t\t\t\t\t\t\t<\/div>\n\t\t\t\t\t<\/div>\n\t\t<\/div>\n\t\t\t\t\t<\/div>\n\t\t<\/section>\n\t\t\t\t<section class=\"elementor-section elementor-top-section elementor-element elementor-element-2513363 elementor-section-full_width elementor-section-height-default elementor-section-height-default qodef-elementor-content-no\" data-id=\"2513363\" data-element_type=\"section\" data-e-type=\"section\" data-settings=\"{&quot;background_background&quot;:&quot;classic&quot;}\">\n\t\t\t\t\t\t<div class=\"elementor-container elementor-column-gap-default\">\n\t\t\t\t\t<div class=\"elementor-column elementor-col-100 elementor-top-column elementor-element elementor-element-593ec61\" data-id=\"593ec61\" data-element_type=\"column\" data-e-type=\"column\">\n\t\t\t<div class=\"elementor-widget-wrap elementor-element-populated\">\n\t\t\t\t\t\t<div class=\"elementor-element elementor-element-a828c92 elementor-widget elementor-widget-swissdelight_core_section_title\" data-id=\"a828c92\" data-element_type=\"widget\" data-e-type=\"widget\" data-widget_type=\"swissdelight_core_section_title.default\">\n\t\t\t\t<div class=\"elementor-widget-container\">\n\t\t\t\t\t<div class=\"qodef-shortcode qodef-m qodef-section-title qodef-alignment--center qodef-appear-animation--enabled\">\n\t\t<span class=\"qodef-m-tagline\" >La mejor<\/span>\n\t<h2 class=\"qodef-m-title\" >\n\t\t\t<span class=\"qodef-subtitle-wrapper\">Selecci\u00f3n<span class=\"qodef-m-subtitle\" >dulces<\/span><\/span>\t<\/h2>\n\t\t<\/div>\n\t\t\t\t<\/div>\n\t\t\t\t<\/div>\n\t\t\t\t<div class=\"elementor-element elementor-element-af10499 elementor-widget elementor-widget-swissdelight_core_image_gallery\" data-id=\"af10499\" data-element_type=\"widget\" data-e-type=\"widget\" data-widget_type=\"swissdelight_core_image_gallery.default\">\n\t\t\t\t<div class=\"elementor-widget-container\">\n\t\t\t\t\t<div class=\"qodef-shortcode qodef-m qodef-image-gallery qodef-grid qodef-swiper-container qodef-gutter--normal qodef-col-num--4 qodef-responsive--predefined\" data-options=\"{&quot;slidesPerView&quot;:&quot;4&quot;,&quot;spaceBetween&quot;:30,&quot;loop&quot;:true,&quot;autoplay&quot;:true,&quot;speed&quot;:&quot;&quot;,&quot;speedAnimation&quot;:&quot;&quot;,&quot;centeredSlides&quot;:true}\" >\n\t<div class=\"swiper-wrapper\">\n\t\t<div class=\"qodef-e qodef-image-wrapper swiper-slide\">\n\t\t\t<img decoding=\"async\" width=\"800\" height=\"1184\" src=\"https:\/\/exaltachocolate.com\/wp-content\/uploads\/2025\/10\/exalta-chocolate-6.jpg\" class=\"attachment-full size-full\" alt=\"\" srcset=\"https:\/\/exaltachocolate.com\/wp-content\/uploads\/2025\/10\/exalta-chocolate-6.jpg 800w, https:\/\/exaltachocolate.com\/wp-content\/uploads\/2025\/10\/exalta-chocolate-6-203x300.jpg 203w, https:\/\/exaltachocolate.com\/wp-content\/uploads\/2025\/10\/exalta-chocolate-6-692x1024.jpg 692w, https:\/\/exaltachocolate.com\/wp-content\/uploads\/2025\/10\/exalta-chocolate-6-768x1137.jpg 768w, https:\/\/exaltachocolate.com\/wp-content\/uploads\/2025\/10\/exalta-chocolate-6-600x888.jpg 600w\" sizes=\"(max-width: 800px) 100vw, 800px\" \/>\t<\/div>\n<div class=\"qodef-e qodef-image-wrapper swiper-slide\">\n\t\t\t<img decoding=\"async\" width=\"800\" height=\"1184\" src=\"https:\/\/exaltachocolate.com\/wp-content\/uploads\/2025\/10\/exalta-chocolate-7.jpg\" class=\"attachment-full size-full\" alt=\"\" srcset=\"https:\/\/exaltachocolate.com\/wp-content\/uploads\/2025\/10\/exalta-chocolate-7.jpg 800w, https:\/\/exaltachocolate.com\/wp-content\/uploads\/2025\/10\/exalta-chocolate-7-203x300.jpg 203w, https:\/\/exaltachocolate.com\/wp-content\/uploads\/2025\/10\/exalta-chocolate-7-692x1024.jpg 692w, https:\/\/exaltachocolate.com\/wp-content\/uploads\/2025\/10\/exalta-chocolate-7-768x1137.jpg 768w, https:\/\/exaltachocolate.com\/wp-content\/uploads\/2025\/10\/exalta-chocolate-7-600x888.jpg 600w\" sizes=\"(max-width: 800px) 100vw, 800px\" \/>\t<\/div>\n<div class=\"qodef-e qodef-image-wrapper swiper-slide\">\n\t\t\t<img loading=\"lazy\" decoding=\"async\" width=\"800\" height=\"1184\" src=\"https:\/\/exaltachocolate.com\/wp-content\/uploads\/2025\/10\/exalta-chocolate-5.jpg\" class=\"attachment-full size-full\" alt=\"\" srcset=\"https:\/\/exaltachocolate.com\/wp-content\/uploads\/2025\/10\/exalta-chocolate-5.jpg 800w, https:\/\/exaltachocolate.com\/wp-content\/uploads\/2025\/10\/exalta-chocolate-5-203x300.jpg 203w, https:\/\/exaltachocolate.com\/wp-content\/uploads\/2025\/10\/exalta-chocolate-5-692x1024.jpg 692w, https:\/\/exaltachocolate.com\/wp-content\/uploads\/2025\/10\/exalta-chocolate-5-768x1137.jpg 768w, https:\/\/exaltachocolate.com\/wp-content\/uploads\/2025\/10\/exalta-chocolate-5-600x888.jpg 600w\" sizes=\"(max-width: 800px) 100vw, 800px\" \/>\t<\/div>\n<div class=\"qodef-e qodef-image-wrapper swiper-slide\">\n\t\t\t<img loading=\"lazy\" decoding=\"async\" width=\"800\" height=\"1184\" src=\"https:\/\/exaltachocolate.com\/wp-content\/uploads\/2025\/10\/exalta-chocolate-8.jpg\" class=\"attachment-full size-full\" alt=\"exalta chocolate\" srcset=\"https:\/\/exaltachocolate.com\/wp-content\/uploads\/2025\/10\/exalta-chocolate-8.jpg 800w, https:\/\/exaltachocolate.com\/wp-content\/uploads\/2025\/10\/exalta-chocolate-8-203x300.jpg 203w, https:\/\/exaltachocolate.com\/wp-content\/uploads\/2025\/10\/exalta-chocolate-8-692x1024.jpg 692w, https:\/\/exaltachocolate.com\/wp-content\/uploads\/2025\/10\/exalta-chocolate-8-768x1137.jpg 768w, https:\/\/exaltachocolate.com\/wp-content\/uploads\/2025\/10\/exalta-chocolate-8-600x888.jpg 600w\" sizes=\"(max-width: 800px) 100vw, 800px\" \/>\t<\/div>\n<div class=\"qodef-e qodef-image-wrapper swiper-slide\">\n\t\t\t<img loading=\"lazy\" decoding=\"async\" width=\"800\" height=\"1184\" src=\"https:\/\/exaltachocolate.com\/wp-content\/uploads\/2025\/10\/exalta-chocolate-4.jpg\" class=\"attachment-full size-full\" alt=\"\" srcset=\"https:\/\/exaltachocolate.com\/wp-content\/uploads\/2025\/10\/exalta-chocolate-4.jpg 800w, https:\/\/exaltachocolate.com\/wp-content\/uploads\/2025\/10\/exalta-chocolate-4-203x300.jpg 203w, https:\/\/exaltachocolate.com\/wp-content\/uploads\/2025\/10\/exalta-chocolate-4-692x1024.jpg 692w, https:\/\/exaltachocolate.com\/wp-content\/uploads\/2025\/10\/exalta-chocolate-4-768x1137.jpg 768w, https:\/\/exaltachocolate.com\/wp-content\/uploads\/2025\/10\/exalta-chocolate-4-600x888.jpg 600w\" sizes=\"(max-width: 800px) 100vw, 800px\" \/>\t<\/div>\n\t<\/div>\n\t\t<\/div>\n\t\t\t\t<\/div>\n\t\t\t\t<\/div>\n\t\t\t\t\t<\/div>\n\t\t<\/div>\n\t\t\t\t\t<\/div>\n\t\t<\/section>\n\t\t\t\t<\/div>\n\t\t","protected":false},"excerpt":{"rendered":"<p>Chocolatier Biografia S\u00f3c Alexandra, xef xocolatera i cofundadora d&#8217;Exalta, l&#8217;espai on transformo la xocolata en experi\u00e8ncies sensorials que expliquen hist\u00f2ries. S\u00f3c Alexandra, xef xocolatera i cofundadora d&#8217;Exalta, l&#8217;espai on transformo la xocolata en experi\u00e8ncies sensorials que expliquen hist\u00f2ries. S\u00f3c l&#8217;Alexandra, xef xocolatera i cofundadora d&#8217;Exalta Tot i ser treballadora social de formaci\u00f3, el 2015 \u2014amb [&hellip;]<\/p>\n","protected":false},"author":1,"featured_media":0,"parent":0,"menu_order":0,"comment_status":"closed","ping_status":"closed","template":"page-full-width.php","meta":{"_acf_changed":false,"footnotes":""},"class_list":["post-14413","page","type-page","status-publish","hentry"],"acf":[],"yoast_head":"<!-- This site is optimized with the Yoast SEO plugin v27.4 - https:\/\/yoast.com\/product\/yoast-seo-wordpress\/ -->\n<title>Alexandra Navarro - exaltachocolate<\/title>\n<meta name=\"robots\" content=\"index, follow, max-snippet:-1, max-image-preview:large, max-video-preview:-1\" \/>\n<link rel=\"canonical\" href=\"https:\/\/exaltachocolate.com\/ca\/alexandra-navarro\" \/>\n<meta property=\"og:locale\" content=\"ca_ES\" \/>\n<meta property=\"og:type\" content=\"article\" \/>\n<meta property=\"og:title\" content=\"Alexandra Navarro - exaltachocolate\" \/>\n<meta property=\"og:description\" content=\"Chocolatier Biografia S\u00f3c Alexandra, xef xocolatera i cofundadora d&#8217;Exalta, l&#8217;espai on transformo la xocolata en experi\u00e8ncies sensorials que expliquen hist\u00f2ries. S\u00f3c Alexandra, xef xocolatera i cofundadora d&#8217;Exalta, l&#8217;espai on transformo la xocolata en experi\u00e8ncies sensorials que expliquen hist\u00f2ries. S\u00f3c l&#8217;Alexandra, xef xocolatera i cofundadora d&#8217;Exalta Tot i ser treballadora social de formaci\u00f3, el 2015 \u2014amb [&hellip;]\" \/>\n<meta property=\"og:url\" content=\"https:\/\/exaltachocolate.com\/ca\/alexandra-navarro\" \/>\n<meta property=\"og:site_name\" content=\"exaltachocolate\" \/>\n<meta property=\"article:modified_time\" content=\"2025-12-04T15:57:10+00:00\" \/>\n<meta property=\"og:image\" content=\"https:\/\/exaltachocolate.com\/wp-content\/uploads\/2025\/10\/LLEHI-70-1.jpg\" \/>\n<meta name=\"twitter:card\" content=\"summary_large_image\" \/>\n<meta name=\"twitter:label1\" content=\"Temps estimat de lectura\" \/>\n\t<meta name=\"twitter:data1\" content=\"3 minuts\" \/>\n<script type=\"application\/ld+json\" class=\"yoast-schema-graph\">{\"@context\":\"https:\\\/\\\/schema.org\",\"@graph\":[{\"@type\":\"WebPage\",\"@id\":\"https:\\\/\\\/exaltachocolate.com\\\/ca\\\/alexandra-navarro\",\"url\":\"https:\\\/\\\/exaltachocolate.com\\\/ca\\\/alexandra-navarro\",\"name\":\"Alexandra Navarro - exaltachocolate\",\"isPartOf\":{\"@id\":\"https:\\\/\\\/exaltachocolate.com\\\/ca#website\"},\"primaryImageOfPage\":{\"@id\":\"https:\\\/\\\/exaltachocolate.com\\\/ca\\\/alexandra-navarro#primaryimage\"},\"image\":{\"@id\":\"https:\\\/\\\/exaltachocolate.com\\\/ca\\\/alexandra-navarro#primaryimage\"},\"thumbnailUrl\":\"https:\\\/\\\/exaltachocolate.com\\\/wp-content\\\/uploads\\\/2025\\\/10\\\/LLEHI-70-1.jpg\",\"datePublished\":\"2021-02-10T12:42:11+00:00\",\"dateModified\":\"2025-12-04T15:57:10+00:00\",\"breadcrumb\":{\"@id\":\"https:\\\/\\\/exaltachocolate.com\\\/ca\\\/alexandra-navarro#breadcrumb\"},\"inLanguage\":\"ca\",\"potentialAction\":[{\"@type\":\"ReadAction\",\"target\":[\"https:\\\/\\\/exaltachocolate.com\\\/ca\\\/alexandra-navarro\"]}]},{\"@type\":\"ImageObject\",\"inLanguage\":\"ca\",\"@id\":\"https:\\\/\\\/exaltachocolate.com\\\/ca\\\/alexandra-navarro#primaryimage\",\"url\":\"https:\\\/\\\/exaltachocolate.com\\\/wp-content\\\/uploads\\\/2025\\\/10\\\/LLEHI-70-1.jpg\",\"contentUrl\":\"https:\\\/\\\/exaltachocolate.com\\\/wp-content\\\/uploads\\\/2025\\\/10\\\/LLEHI-70-1.jpg\"},{\"@type\":\"BreadcrumbList\",\"@id\":\"https:\\\/\\\/exaltachocolate.com\\\/ca\\\/alexandra-navarro#breadcrumb\",\"itemListElement\":[{\"@type\":\"ListItem\",\"position\":1,\"name\":\"Portada\",\"item\":\"https:\\\/\\\/exaltachocolate.com\\\/ca\"},{\"@type\":\"ListItem\",\"position\":2,\"name\":\"Alexandra Navarro\"}]},{\"@type\":\"WebSite\",\"@id\":\"https:\\\/\\\/exaltachocolate.com\\\/ca#website\",\"url\":\"https:\\\/\\\/exaltachocolate.com\\\/ca\",\"name\":\"exaltachocolate\",\"description\":\"Travelling flavours\",\"publisher\":{\"@id\":\"https:\\\/\\\/exaltachocolate.com\\\/ca#organization\"},\"potentialAction\":[{\"@type\":\"SearchAction\",\"target\":{\"@type\":\"EntryPoint\",\"urlTemplate\":\"https:\\\/\\\/exaltachocolate.com\\\/ca?s={search_term_string}\"},\"query-input\":{\"@type\":\"PropertyValueSpecification\",\"valueRequired\":true,\"valueName\":\"search_term_string\"}}],\"inLanguage\":\"ca\"},{\"@type\":\"Organization\",\"@id\":\"https:\\\/\\\/exaltachocolate.com\\\/ca#organization\",\"name\":\"exaltachocolate\",\"url\":\"https:\\\/\\\/exaltachocolate.com\\\/ca\",\"logo\":{\"@type\":\"ImageObject\",\"inLanguage\":\"ca\",\"@id\":\"https:\\\/\\\/exaltachocolate.com\\\/ca#\\\/schema\\\/logo\\\/image\\\/\",\"url\":\"https:\\\/\\\/exaltachocolate.com\\\/wp-content\\\/uploads\\\/2025\\\/10\\\/logo-color-corporatiu-.png\",\"contentUrl\":\"https:\\\/\\\/exaltachocolate.com\\\/wp-content\\\/uploads\\\/2025\\\/10\\\/logo-color-corporatiu-.png\",\"width\":2000,\"height\":1414,\"caption\":\"exaltachocolate\"},\"image\":{\"@id\":\"https:\\\/\\\/exaltachocolate.com\\\/ca#\\\/schema\\\/logo\\\/image\\\/\"}}]}<\/script>\n<!-- \/ Yoast SEO plugin. -->","yoast_head_json":{"title":"Alexandra Navarro - exaltachocolate","robots":{"index":"index","follow":"follow","max-snippet":"max-snippet:-1","max-image-preview":"max-image-preview:large","max-video-preview":"max-video-preview:-1"},"canonical":"https:\/\/exaltachocolate.com\/ca\/alexandra-navarro","og_locale":"ca_ES","og_type":"article","og_title":"Alexandra Navarro - exaltachocolate","og_description":"Chocolatier Biografia S\u00f3c Alexandra, xef xocolatera i cofundadora d&#8217;Exalta, l&#8217;espai on transformo la xocolata en experi\u00e8ncies sensorials que expliquen hist\u00f2ries. S\u00f3c Alexandra, xef xocolatera i cofundadora d&#8217;Exalta, l&#8217;espai on transformo la xocolata en experi\u00e8ncies sensorials que expliquen hist\u00f2ries. S\u00f3c l&#8217;Alexandra, xef xocolatera i cofundadora d&#8217;Exalta Tot i ser treballadora social de formaci\u00f3, el 2015 \u2014amb [&hellip;]","og_url":"https:\/\/exaltachocolate.com\/ca\/alexandra-navarro","og_site_name":"exaltachocolate","article_modified_time":"2025-12-04T15:57:10+00:00","og_image":[{"url":"https:\/\/exaltachocolate.com\/wp-content\/uploads\/2025\/10\/LLEHI-70-1.jpg","type":"","width":"","height":""}],"twitter_card":"summary_large_image","twitter_misc":{"Temps estimat de lectura":"3 minuts"},"schema":{"@context":"https:\/\/schema.org","@graph":[{"@type":"WebPage","@id":"https:\/\/exaltachocolate.com\/ca\/alexandra-navarro","url":"https:\/\/exaltachocolate.com\/ca\/alexandra-navarro","name":"Alexandra Navarro - exaltachocolate","isPartOf":{"@id":"https:\/\/exaltachocolate.com\/ca#website"},"primaryImageOfPage":{"@id":"https:\/\/exaltachocolate.com\/ca\/alexandra-navarro#primaryimage"},"image":{"@id":"https:\/\/exaltachocolate.com\/ca\/alexandra-navarro#primaryimage"},"thumbnailUrl":"https:\/\/exaltachocolate.com\/wp-content\/uploads\/2025\/10\/LLEHI-70-1.jpg","datePublished":"2021-02-10T12:42:11+00:00","dateModified":"2025-12-04T15:57:10+00:00","breadcrumb":{"@id":"https:\/\/exaltachocolate.com\/ca\/alexandra-navarro#breadcrumb"},"inLanguage":"ca","potentialAction":[{"@type":"ReadAction","target":["https:\/\/exaltachocolate.com\/ca\/alexandra-navarro"]}]},{"@type":"ImageObject","inLanguage":"ca","@id":"https:\/\/exaltachocolate.com\/ca\/alexandra-navarro#primaryimage","url":"https:\/\/exaltachocolate.com\/wp-content\/uploads\/2025\/10\/LLEHI-70-1.jpg","contentUrl":"https:\/\/exaltachocolate.com\/wp-content\/uploads\/2025\/10\/LLEHI-70-1.jpg"},{"@type":"BreadcrumbList","@id":"https:\/\/exaltachocolate.com\/ca\/alexandra-navarro#breadcrumb","itemListElement":[{"@type":"ListItem","position":1,"name":"Portada","item":"https:\/\/exaltachocolate.com\/ca"},{"@type":"ListItem","position":2,"name":"Alexandra Navarro"}]},{"@type":"WebSite","@id":"https:\/\/exaltachocolate.com\/ca#website","url":"https:\/\/exaltachocolate.com\/ca","name":"exaltachocolate","description":"Travelling flavours","publisher":{"@id":"https:\/\/exaltachocolate.com\/ca#organization"},"potentialAction":[{"@type":"SearchAction","target":{"@type":"EntryPoint","urlTemplate":"https:\/\/exaltachocolate.com\/ca?s={search_term_string}"},"query-input":{"@type":"PropertyValueSpecification","valueRequired":true,"valueName":"search_term_string"}}],"inLanguage":"ca"},{"@type":"Organization","@id":"https:\/\/exaltachocolate.com\/ca#organization","name":"exaltachocolate","url":"https:\/\/exaltachocolate.com\/ca","logo":{"@type":"ImageObject","inLanguage":"ca","@id":"https:\/\/exaltachocolate.com\/ca#\/schema\/logo\/image\/","url":"https:\/\/exaltachocolate.com\/wp-content\/uploads\/2025\/10\/logo-color-corporatiu-.png","contentUrl":"https:\/\/exaltachocolate.com\/wp-content\/uploads\/2025\/10\/logo-color-corporatiu-.png","width":2000,"height":1414,"caption":"exaltachocolate"},"image":{"@id":"https:\/\/exaltachocolate.com\/ca#\/schema\/logo\/image\/"}}]}},"_links":{"self":[{"href":"https:\/\/exaltachocolate.com\/ca\/wp-json\/wp\/v2\/pages\/14413","targetHints":{"allow":["GET"]}}],"collection":[{"href":"https:\/\/exaltachocolate.com\/ca\/wp-json\/wp\/v2\/pages"}],"about":[{"href":"https:\/\/exaltachocolate.com\/ca\/wp-json\/wp\/v2\/types\/page"}],"author":[{"embeddable":true,"href":"https:\/\/exaltachocolate.com\/ca\/wp-json\/wp\/v2\/users\/1"}],"replies":[{"embeddable":true,"href":"https:\/\/exaltachocolate.com\/ca\/wp-json\/wp\/v2\/comments?post=14413"}],"version-history":[{"count":5,"href":"https:\/\/exaltachocolate.com\/ca\/wp-json\/wp\/v2\/pages\/14413\/revisions"}],"predecessor-version":[{"id":15132,"href":"https:\/\/exaltachocolate.com\/ca\/wp-json\/wp\/v2\/pages\/14413\/revisions\/15132"}],"wp:attachment":[{"href":"https:\/\/exaltachocolate.com\/ca\/wp-json\/wp\/v2\/media?parent=14413"}],"curies":[{"name":"wp","href":"https:\/\/api.w.org\/{rel}","templated":true}]}}