{"id":14477,"date":"2021-01-18T08:32:21","date_gmt":"2021-01-18T08:32:21","guid":{"rendered":"https:\/\/exaltachocolate.com\/aviso-legal"},"modified":"2025-12-04T15:57:25","modified_gmt":"2025-12-04T15:57:25","slug":"aviso-legal","status":"publish","type":"page","link":"https:\/\/exaltachocolate.com\/ca\/aviso-legal","title":{"rendered":"Aviso legal"},"content":{"rendered":"\t\t<div data-elementor-type=\"wp-page\" data-elementor-id=\"14477\" class=\"elementor elementor-14477 elementor-11805\" data-elementor-post-type=\"page\">\n\t\t\t\t\t\t<section class=\"elementor-section elementor-top-section elementor-element elementor-element-7868e58e qodef-elementor-content-grid elementor-section-boxed elementor-section-height-default elementor-section-height-default\" data-id=\"7868e58e\" data-element_type=\"section\" data-e-type=\"section\">\n\t\t\t\t\t\t<div class=\"elementor-container elementor-column-gap-default\">\n\t\t\t\t\t<div class=\"elementor-column elementor-col-100 elementor-top-column elementor-element elementor-element-5b851ce6\" data-id=\"5b851ce6\" data-element_type=\"column\" data-e-type=\"column\">\n\t\t\t<div class=\"elementor-widget-wrap elementor-element-populated\">\n\t\t\t\t\t\t<div class=\"elementor-element elementor-element-2d347fb7 elementor-widget elementor-widget-text-editor\" data-id=\"2d347fb7\" data-element_type=\"widget\" data-e-type=\"widget\" data-widget_type=\"text-editor.default\">\n\t\t\t\t\t\t\t\t\t<p>Aquest lloc web t\u00e9 per objecte el comer\u00e7 electr\u00f2nic al menor de productes derivats del cacau.<\/p><p>Pastisseria Sant Llehi SL, a partir d&#8217;ara, l&#8217;empresa, no ser\u00e0 en cap cas responsable dels errors o omissions que poguessin existir a la informaci\u00f3 facilitada, ni de l&#8217;aplicaci\u00f3 o \u00fas concret que pogu\u00e9s fer-se&#8217;n.<\/p><p>L&#8217;empresa es reserva el dret de modificar en qualsevol moment i sense av\u00eds previ el contingut de la web, aquest Av\u00eds Legal aix\u00ed com les condicions d&#8217;\u00fas que puguin resultar aplicables a la present web.<\/p><p>Identificaci\u00f3<\/p><p>En compliment amb el deure informaci\u00f3 recollit a l&#8217;article 10 de la Llei 34\/2002, d&#8217;11 de juliol, de Serveis de la Societat de la Informaci\u00f3 i del Comer\u00e7 Electr\u00f2nic, les dades aqu\u00ed consignades corresponen a l&#8217;entitat titular d&#8217;aquesta Web: (www.exaltachocolate.com)<\/p><p>Denominaci\u00f3 Social: PASTISSERIA SANT LLEHI SL<\/p><p>Adre\u00e7a: Pz Montseny, 6 Sant Antoni de Vilamajor (Barcelona)<br \/>Tel\u00e8fon: +34640803826<br \/>e-mail: hola@exaltachocolate.com<\/p><p>CIF: B61836961<\/p><p>RSI: 20.10476\/CAT<\/p><p>Propietat intel\u00b7lectual i industrial<\/p><p>Tots els drets de propietat industrial i intel\u00b7lectual de la totalitat d&#8217;elements continguts en aquesta web, incloses les marques comercials, formats, dissenys gr\u00e0fics, textos, imatges i documents, pertanyen a l&#8217;empresa, i estan protegits per les lleis espanyoles i internacionals sobre propietat intel\u00b7lectual i industrial. Queda expressament prohibida la reproducci\u00f3 total o parcial d&#8217;aquest lloc web i de qualsevol dels continguts sense el perm\u00eds expr\u00e9s i per escrit de l&#8217;empresa.<\/p><p>L&#8217;acc\u00e9s al lloc web no implica cap tipus de ren\u00fancia, transmissi\u00f3, llic\u00e8ncia o cessi\u00f3 dels drets esmentats per part de l&#8217;empresa, llevat que s&#8217;estableixi expressament el contrari.<\/p><p>Condicions d&#8217;\u00fas<\/p><p>L&#8217;acc\u00e9s a aquest lloc web implica l&#8217;acceptaci\u00f3 d&#8217;aquestes condicions d&#8217;\u00fas sense reserves que regulen l&#8217;acc\u00e9s i la utilitzaci\u00f3 per tal de posar a disposici\u00f3 dels usuaris informaci\u00f3 sobre els nostres productes i serveis.<\/p><p>Es prohibeix expressament la utilitzaci\u00f3 dels continguts d&#8217;aquest lloc web per utilitzar-los amb fins comercials o per distribuir-los, transformar-los o comunicar-los.<\/p><p>L&#8217;empresa no respondr\u00e0 de cap conseq\u00fc\u00e8ncia, dany o perjudici que poguessin derivar-se d&#8217;aquesta utilitzaci\u00f3 o \u00fas de la informaci\u00f3.<\/p><p>Tant l&#8217;acc\u00e9s a aquest web com l&#8217;\u00fas que es pugui fer de la informaci\u00f3 que cont\u00e9 \u00e9s de l&#8217;exclusiva responsabilitat de qui el realitza.<\/p><p>L&#8217;usuari s&#8217;obliga a no utilitzar la informaci\u00f3 que es publica en aquesta Web amb fins o efectes il\u00b7l\u00edcits o lesius, a no fer malb\u00e9 o inutilitzar la informaci\u00f3 ia no realitzar qualsevol altra acci\u00f3 que puguin ser contr\u00e0ria al contingut d&#8217;aquest Av\u00eds Legal.<\/p><p>Aquesta empresa es reserva el dret a modificar els continguts de l&#8217;oferta comercial dels productes quan ho consideri oport\u00fa ia mantenir-ne el contingut actualitzat.<\/p><p>Aquesta empresa no pot assegurar la inexist\u00e8ncia d&#8217;interrupcions o errors en l&#8217;acc\u00e9s a aquest lloc web, encara que posar\u00e0 els seus esfor\u00e7os m\u00e9s grans per evitar-los.<\/p><p>Pol\u00edtica de protecci\u00f3 de dades<\/p><p>De conformitat amb el que disposa la Llei Org\u00e0nica 15\/1999, de Protecci\u00f3 de Dades de Car\u00e0cter Personal, s&#8217;informa a l&#8217;usuari que les dades personals subministrades seran incorporades a un fitxer titularitat de Pastisseria Sant Llehi SL., amb la finalitat de poder processar les comandes de compra, gestionar les seves peticions i\/o consultes.<\/p><p>A trav\u00e9s de l&#8217;emplenament de formularis de la Web o mitjan\u00e7ant l&#8217;enviament de correus electr\u00f2nics o qualsevol altre tipus de sol\u00b7licitud d&#8217;informaci\u00f3 remesa a l&#8217;empresa, l&#8217;interessat presta el seu consentiment expr\u00e9s per al tractament de les dades personals i per rebre comunicacions comercials sobre els productes i serveis d&#8217;EXALTA XOCOLATA.<\/p><p>En cap cas l&#8217;empresa no utilitzar\u00e0 les dades personals dels interessats per a fins diferents de les anteriorment esmentats, i es compromet a guardar el degut secret professional ia establir les mesures t\u00e8cniques i organitzatives necess\u00e0ries per salvaguardar la informaci\u00f3 d&#8217;acord amb els requeriments que estableix el RD 1720\/2007, de desenvolupament de la LOPD.<\/p><p>Podeu exercir els drets d&#8217;acc\u00e9s, rectificaci\u00f3, cancel\u00b7laci\u00f3 i oposici\u00f3 en qualsevol moment, mitjan\u00e7ant escrit, acompanyat de c\u00f2pia de document oficial que us identifiqui, dirigit a Pastisseria Sant Llehi S.L.: Pz Montseny 6, Sant Antoni de Vilamajor (Barcelona).<\/p><p>Xarxes socials<\/p><p>Posem en el seu coneixement que estem presents a Xarxes Socials. El tractament de les dades que es realitzi de les persones que es facin seguidores (i\/o realitzin qualsevol vincle o acci\u00f3 de connexi\u00f3 a trav\u00e9s de les Xarxes Socials) de les p\u00e0gines oficials de @exaltachocolate, a les xarxes socials, es regir\u00e0 per aquest apartat, aix\u00ed com per aquelles condicions d&#8217;\u00fas, pol\u00edtiques de privadesa i altres normatives d&#8217;acc\u00e9s, \u00fas i similars que les<\/p>\t\t\t\t\t\t\t\t<\/div>\n\t\t\t\t\t<\/div>\n\t\t<\/div>\n\t\t\t\t\t<\/div>\n\t\t<\/section>\n\t\t\t\t<\/div>\n\t\t","protected":false},"excerpt":{"rendered":"<p>Aquest lloc web t\u00e9 per objecte el comer\u00e7 electr\u00f2nic al menor de productes derivats del cacau. Pastisseria Sant Llehi SL, a partir d&#8217;ara, l&#8217;empresa, no ser\u00e0 en cap cas responsable dels errors o omissions que poguessin existir a la informaci\u00f3 facilitada, ni de l&#8217;aplicaci\u00f3 o \u00fas concret que pogu\u00e9s fer-se&#8217;n. L&#8217;empresa es reserva el dret [&hellip;]<\/p>\n","protected":false},"author":1,"featured_media":0,"parent":0,"menu_order":0,"comment_status":"closed","ping_status":"closed","template":"page-full-width.php","meta":{"_acf_changed":false,"footnotes":""},"class_list":["post-14477","page","type-page","status-publish","hentry"],"acf":[],"yoast_head":"<!-- This site is optimized with the Yoast SEO plugin v27.4 - https:\/\/yoast.com\/product\/yoast-seo-wordpress\/ -->\n<title>Aviso legal - exaltachocolate<\/title>\n<meta name=\"robots\" content=\"noindex, nofollow\" \/>\n<meta property=\"og:locale\" content=\"ca_ES\" \/>\n<meta property=\"og:type\" content=\"article\" \/>\n<meta property=\"og:title\" content=\"Aviso legal - exaltachocolate\" \/>\n<meta property=\"og:description\" content=\"Aquest lloc web t\u00e9 per objecte el comer\u00e7 electr\u00f2nic al menor de productes derivats del cacau. Pastisseria Sant Llehi SL, a partir d&#8217;ara, l&#8217;empresa, no ser\u00e0 en cap cas responsable dels errors o omissions que poguessin existir a la informaci\u00f3 facilitada, ni de l&#8217;aplicaci\u00f3 o \u00fas concret que pogu\u00e9s fer-se&#8217;n. L&#8217;empresa es reserva el dret [&hellip;]\" \/>\n<meta property=\"og:url\" content=\"https:\/\/exaltachocolate.com\/ca\/aviso-legal\" \/>\n<meta property=\"og:site_name\" content=\"exaltachocolate\" \/>\n<meta property=\"article:modified_time\" content=\"2025-12-04T15:57:25+00:00\" \/>\n<meta name=\"twitter:card\" content=\"summary_large_image\" \/>\n<meta name=\"twitter:label1\" content=\"Temps estimat de lectura\" \/>\n\t<meta name=\"twitter:data1\" content=\"4 minuts\" \/>\n<script type=\"application\/ld+json\" class=\"yoast-schema-graph\">{\"@context\":\"https:\\\/\\\/schema.org\",\"@graph\":[{\"@type\":\"WebPage\",\"@id\":\"https:\\\/\\\/exaltachocolate.com\\\/ca\\\/aviso-legal\",\"url\":\"https:\\\/\\\/exaltachocolate.com\\\/ca\\\/aviso-legal\",\"name\":\"Aviso legal - exaltachocolate\",\"isPartOf\":{\"@id\":\"https:\\\/\\\/exaltachocolate.com\\\/ca#website\"},\"datePublished\":\"2021-01-18T08:32:21+00:00\",\"dateModified\":\"2025-12-04T15:57:25+00:00\",\"breadcrumb\":{\"@id\":\"https:\\\/\\\/exaltachocolate.com\\\/ca\\\/aviso-legal#breadcrumb\"},\"inLanguage\":\"ca\",\"potentialAction\":[{\"@type\":\"ReadAction\",\"target\":[\"https:\\\/\\\/exaltachocolate.com\\\/ca\\\/aviso-legal\"]}]},{\"@type\":\"BreadcrumbList\",\"@id\":\"https:\\\/\\\/exaltachocolate.com\\\/ca\\\/aviso-legal#breadcrumb\",\"itemListElement\":[{\"@type\":\"ListItem\",\"position\":1,\"name\":\"Portada\",\"item\":\"https:\\\/\\\/exaltachocolate.com\\\/ca\"},{\"@type\":\"ListItem\",\"position\":2,\"name\":\"Aviso legal\"}]},{\"@type\":\"WebSite\",\"@id\":\"https:\\\/\\\/exaltachocolate.com\\\/ca#website\",\"url\":\"https:\\\/\\\/exaltachocolate.com\\\/ca\",\"name\":\"exaltachocolate\",\"description\":\"Travelling flavours\",\"publisher\":{\"@id\":\"https:\\\/\\\/exaltachocolate.com\\\/ca#organization\"},\"potentialAction\":[{\"@type\":\"SearchAction\",\"target\":{\"@type\":\"EntryPoint\",\"urlTemplate\":\"https:\\\/\\\/exaltachocolate.com\\\/ca?s={search_term_string}\"},\"query-input\":{\"@type\":\"PropertyValueSpecification\",\"valueRequired\":true,\"valueName\":\"search_term_string\"}}],\"inLanguage\":\"ca\"},{\"@type\":\"Organization\",\"@id\":\"https:\\\/\\\/exaltachocolate.com\\\/ca#organization\",\"name\":\"exaltachocolate\",\"url\":\"https:\\\/\\\/exaltachocolate.com\\\/ca\",\"logo\":{\"@type\":\"ImageObject\",\"inLanguage\":\"ca\",\"@id\":\"https:\\\/\\\/exaltachocolate.com\\\/ca#\\\/schema\\\/logo\\\/image\\\/\",\"url\":\"https:\\\/\\\/exaltachocolate.com\\\/wp-content\\\/uploads\\\/2025\\\/10\\\/logo-color-corporatiu-.png\",\"contentUrl\":\"https:\\\/\\\/exaltachocolate.com\\\/wp-content\\\/uploads\\\/2025\\\/10\\\/logo-color-corporatiu-.png\",\"width\":2000,\"height\":1414,\"caption\":\"exaltachocolate\"},\"image\":{\"@id\":\"https:\\\/\\\/exaltachocolate.com\\\/ca#\\\/schema\\\/logo\\\/image\\\/\"}}]}<\/script>\n<!-- \/ Yoast SEO plugin. -->","yoast_head_json":{"title":"Aviso legal - exaltachocolate","robots":{"index":"noindex","follow":"nofollow"},"og_locale":"ca_ES","og_type":"article","og_title":"Aviso legal - exaltachocolate","og_description":"Aquest lloc web t\u00e9 per objecte el comer\u00e7 electr\u00f2nic al menor de productes derivats del cacau. Pastisseria Sant Llehi SL, a partir d&#8217;ara, l&#8217;empresa, no ser\u00e0 en cap cas responsable dels errors o omissions que poguessin existir a la informaci\u00f3 facilitada, ni de l&#8217;aplicaci\u00f3 o \u00fas concret que pogu\u00e9s fer-se&#8217;n. L&#8217;empresa es reserva el dret [&hellip;]","og_url":"https:\/\/exaltachocolate.com\/ca\/aviso-legal","og_site_name":"exaltachocolate","article_modified_time":"2025-12-04T15:57:25+00:00","twitter_card":"summary_large_image","twitter_misc":{"Temps estimat de lectura":"4 minuts"},"schema":{"@context":"https:\/\/schema.org","@graph":[{"@type":"WebPage","@id":"https:\/\/exaltachocolate.com\/ca\/aviso-legal","url":"https:\/\/exaltachocolate.com\/ca\/aviso-legal","name":"Aviso legal - exaltachocolate","isPartOf":{"@id":"https:\/\/exaltachocolate.com\/ca#website"},"datePublished":"2021-01-18T08:32:21+00:00","dateModified":"2025-12-04T15:57:25+00:00","breadcrumb":{"@id":"https:\/\/exaltachocolate.com\/ca\/aviso-legal#breadcrumb"},"inLanguage":"ca","potentialAction":[{"@type":"ReadAction","target":["https:\/\/exaltachocolate.com\/ca\/aviso-legal"]}]},{"@type":"BreadcrumbList","@id":"https:\/\/exaltachocolate.com\/ca\/aviso-legal#breadcrumb","itemListElement":[{"@type":"ListItem","position":1,"name":"Portada","item":"https:\/\/exaltachocolate.com\/ca"},{"@type":"ListItem","position":2,"name":"Aviso legal"}]},{"@type":"WebSite","@id":"https:\/\/exaltachocolate.com\/ca#website","url":"https:\/\/exaltachocolate.com\/ca","name":"exaltachocolate","description":"Travelling flavours","publisher":{"@id":"https:\/\/exaltachocolate.com\/ca#organization"},"potentialAction":[{"@type":"SearchAction","target":{"@type":"EntryPoint","urlTemplate":"https:\/\/exaltachocolate.com\/ca?s={search_term_string}"},"query-input":{"@type":"PropertyValueSpecification","valueRequired":true,"valueName":"search_term_string"}}],"inLanguage":"ca"},{"@type":"Organization","@id":"https:\/\/exaltachocolate.com\/ca#organization","name":"exaltachocolate","url":"https:\/\/exaltachocolate.com\/ca","logo":{"@type":"ImageObject","inLanguage":"ca","@id":"https:\/\/exaltachocolate.com\/ca#\/schema\/logo\/image\/","url":"https:\/\/exaltachocolate.com\/wp-content\/uploads\/2025\/10\/logo-color-corporatiu-.png","contentUrl":"https:\/\/exaltachocolate.com\/wp-content\/uploads\/2025\/10\/logo-color-corporatiu-.png","width":2000,"height":1414,"caption":"exaltachocolate"},"image":{"@id":"https:\/\/exaltachocolate.com\/ca#\/schema\/logo\/image\/"}}]}},"_links":{"self":[{"href":"https:\/\/exaltachocolate.com\/ca\/wp-json\/wp\/v2\/pages\/14477","targetHints":{"allow":["GET"]}}],"collection":[{"href":"https:\/\/exaltachocolate.com\/ca\/wp-json\/wp\/v2\/pages"}],"about":[{"href":"https:\/\/exaltachocolate.com\/ca\/wp-json\/wp\/v2\/types\/page"}],"author":[{"embeddable":true,"href":"https:\/\/exaltachocolate.com\/ca\/wp-json\/wp\/v2\/users\/1"}],"replies":[{"embeddable":true,"href":"https:\/\/exaltachocolate.com\/ca\/wp-json\/wp\/v2\/comments?post=14477"}],"version-history":[{"count":5,"href":"https:\/\/exaltachocolate.com\/ca\/wp-json\/wp\/v2\/pages\/14477\/revisions"}],"predecessor-version":[{"id":15133,"href":"https:\/\/exaltachocolate.com\/ca\/wp-json\/wp\/v2\/pages\/14477\/revisions\/15133"}],"wp:attachment":[{"href":"https:\/\/exaltachocolate.com\/ca\/wp-json\/wp\/v2\/media?parent=14477"}],"curies":[{"name":"wp","href":"https:\/\/api.w.org\/{rel}","templated":true}]}}