{"id":16620,"date":"2026-04-17T15:52:29","date_gmt":"2026-04-17T13:52:29","guid":{"rendered":"https:\/\/exaltachocolate.com\/producto\/bombons-edicio-23-dabril"},"modified":"2026-04-20T10:46:12","modified_gmt":"2026-04-20T08:46:12","slug":"bombons-edicio-23-dabril","status":"publish","type":"product","link":"https:\/\/exaltachocolate.com\/ca\/producte\/bombons-edicio-23-dabril","title":{"rendered":"Bombons edici\u00f3 23 d&#8217;abril"},"content":{"rendered":"<p><strong>El Drac<\/strong>: intens, salvatge i perill\u00f3s<\/p>\n<p>Sabors: gel de llimona, amb gingebre i pebre i ganache de llimona.<\/p>\n<p><strong>La rosa<\/strong>: delicada, floral, rom\u00e0ntica i sofisticada<\/p>\n<p>Sabors: caramel de fruit de la passi\u00f3 amb aigua de roses i ganache de mango-passi\u00f3<\/p>\n<p><strong>Sant Jordi:<\/strong> for\u00e7a, noblesa, elegant i mediterrani.<\/p>\n<p>Sabors: caramel de mel, cruixent d&#8217;ametlles aromatitzat amb taronja i roman\u00ed.<\/p>\n","protected":false},"excerpt":{"rendered":"<p><strong>Caixa de Bombons Edici\u00f3 Especial Sant Jordi<\/strong><\/p>\n<p>Tres bombons. Tres personatges. Una hist\u00f2ria que es desf\u00e0 al paladar.<\/p>\n<p>Aquesta edici\u00f3 limitada celebra la llegenda de Sant Jordi amb una col\u00b7lecci\u00f3 de bombons artesanals \u00fanics, on cada pe\u00e7a \u00e9s un personatge amb car\u00e0cter propi. Perqu\u00e8 aquest 23 d&#8217;abril, el regal m\u00e9s memorable no \u00e9s ni una rosa ni un llibre: \u00e9s una experi\u00e8ncia.<\/p>\n<p><strong>El Drac<\/strong> \u2014 Intens, salvatge, perill\u00f3s. Un bomb\u00f3 que desafia. La pot\u00e8ncia del gingebre, la frescor de la llimona i la cremor del pebre s&#8217;uneixen per als que no temen el foc.<\/p>\n<p><strong>La Rosa<\/strong> \u2014 Delicada, floral, rom\u00e0ntica, sofisticada. Un bomb\u00f3 que enamora. La dol\u00e7or es fon amb l&#8217;acidesa en una combinaci\u00f3 tan elegant com irresistible. Per als que saben apreciar el bell.<\/p>\n<p><strong>Sant Jordi<\/strong> \u2014 For\u00e7a, noblesa, eleg\u00e0ncia mediterr\u00e0nia. Un bomb\u00f3 que perdura. La mel, les ametlles, la taronja i el roman\u00ed teixeixen junts un record que fa olor de terra, de sol i de tradici\u00f3. Per als qui porten el Mediterrani a l&#8217;\u00e0nima.<\/p>\n<p><strong>Edici\u00f3 limitada. Disponible fins a esgotar exist\u00e8ncies.<\/strong><\/p>\n","protected":false},"featured_media":16615,"template":"","meta":{"_acf_changed":false},"product_brand":[],"product_cat":[161],"product_tag":[188],"class_list":{"0":"post-16620","1":"product","2":"type-product","3":"status-publish","4":"has-post-thumbnail","6":"product_cat-p-bombons","7":"product_tag-bombons","9":"first","10":"instock","11":"shipping-taxable","12":"purchasable","13":"product-type-simple"},"acf":[],"yoast_head":"<!-- This site is optimized with the Yoast SEO plugin v27.4 - https:\/\/yoast.com\/product\/yoast-seo-wordpress\/ -->\n<title>Bombons edici\u00f3 23 d&#039;abril - exaltachocolate<\/title>\n<meta name=\"description\" content=\"Prova la nostra edici\u00f3 especial pel 23 d&#039;abril. Una col\u00b7lecci\u00f3 inspirada en la llegenda de Sant Jordi.\" \/>\n<meta name=\"robots\" content=\"index, follow, max-snippet:-1, max-image-preview:large, max-video-preview:-1\" \/>\n<link rel=\"canonical\" href=\"https:\/\/exaltachocolate.com\/ca\/producte\/bombons-edicio-23-dabril\" \/>\n<meta property=\"og:locale\" content=\"ca_ES\" \/>\n<meta property=\"og:type\" content=\"article\" \/>\n<meta property=\"og:title\" content=\"Bombons edici\u00f3 23 d&#039;abril - exaltachocolate\" \/>\n<meta property=\"og:description\" content=\"Prova la nostra edici\u00f3 especial pel 23 d&#039;abril. Una col\u00b7lecci\u00f3 inspirada en la llegenda de Sant Jordi.\" \/>\n<meta property=\"og:url\" content=\"https:\/\/exaltachocolate.com\/ca\/producte\/bombons-edicio-23-dabril\" \/>\n<meta property=\"og:site_name\" content=\"exaltachocolate\" \/>\n<meta property=\"article:modified_time\" content=\"2026-04-20T08:46:12+00:00\" \/>\n<meta property=\"og:image\" content=\"https:\/\/exaltachocolate.com\/wp-content\/uploads\/2026\/04\/exalta_fichas_producto-1.png\" \/>\n\t<meta property=\"og:image:width\" content=\"350\" \/>\n\t<meta property=\"og:image:height\" content=\"518\" \/>\n\t<meta property=\"og:image:type\" content=\"image\/png\" \/>\n<meta name=\"twitter:card\" content=\"summary_large_image\" \/>\n<meta name=\"twitter:label1\" content=\"Temps estimat de lectura\" \/>\n\t<meta name=\"twitter:data1\" content=\"1 minut\" \/>\n<script type=\"application\/ld+json\" class=\"yoast-schema-graph\">{\"@context\":\"https:\\\/\\\/schema.org\",\"@graph\":[{\"@type\":\"WebPage\",\"@id\":\"https:\\\/\\\/exaltachocolate.com\\\/ca\\\/producte\\\/bombons-edicio-23-dabril\",\"url\":\"https:\\\/\\\/exaltachocolate.com\\\/ca\\\/producte\\\/bombons-edicio-23-dabril\",\"name\":\"Bombons edici\u00f3 23 d'abril - exaltachocolate\",\"isPartOf\":{\"@id\":\"https:\\\/\\\/exaltachocolate.com\\\/ca#website\"},\"primaryImageOfPage\":{\"@id\":\"https:\\\/\\\/exaltachocolate.com\\\/ca\\\/producte\\\/bombons-edicio-23-dabril#primaryimage\"},\"image\":{\"@id\":\"https:\\\/\\\/exaltachocolate.com\\\/ca\\\/producte\\\/bombons-edicio-23-dabril#primaryimage\"},\"thumbnailUrl\":\"https:\\\/\\\/exaltachocolate.com\\\/wp-content\\\/uploads\\\/2026\\\/04\\\/exalta_fichas_producto-1.png\",\"datePublished\":\"2026-04-17T13:52:29+00:00\",\"dateModified\":\"2026-04-20T08:46:12+00:00\",\"description\":\"Prova la nostra edici\u00f3 especial pel 23 d'abril. Una col\u00b7lecci\u00f3 inspirada en la llegenda de Sant Jordi.\",\"breadcrumb\":{\"@id\":\"https:\\\/\\\/exaltachocolate.com\\\/ca\\\/producte\\\/bombons-edicio-23-dabril#breadcrumb\"},\"inLanguage\":\"ca\",\"potentialAction\":[{\"@type\":\"ReadAction\",\"target\":[\"https:\\\/\\\/exaltachocolate.com\\\/ca\\\/producte\\\/bombons-edicio-23-dabril\"]}]},{\"@type\":\"ImageObject\",\"inLanguage\":\"ca\",\"@id\":\"https:\\\/\\\/exaltachocolate.com\\\/ca\\\/producte\\\/bombons-edicio-23-dabril#primaryimage\",\"url\":\"https:\\\/\\\/exaltachocolate.com\\\/wp-content\\\/uploads\\\/2026\\\/04\\\/exalta_fichas_producto-1.png\",\"contentUrl\":\"https:\\\/\\\/exaltachocolate.com\\\/wp-content\\\/uploads\\\/2026\\\/04\\\/exalta_fichas_producto-1.png\",\"width\":350,\"height\":518},{\"@type\":\"BreadcrumbList\",\"@id\":\"https:\\\/\\\/exaltachocolate.com\\\/ca\\\/producte\\\/bombons-edicio-23-dabril#breadcrumb\",\"itemListElement\":[{\"@type\":\"ListItem\",\"position\":1,\"name\":\"Portada\",\"item\":\"https:\\\/\\\/exaltachocolate.com\\\/ca\"},{\"@type\":\"ListItem\",\"position\":2,\"name\":\"Botiga\",\"item\":\"https:\\\/\\\/exaltachocolate.com\\\/ca\\\/botiga\"},{\"@type\":\"ListItem\",\"position\":3,\"name\":\"Bombons edici\u00f3 23 d&#8217;abril\"}]},{\"@type\":\"WebSite\",\"@id\":\"https:\\\/\\\/exaltachocolate.com\\\/ca#website\",\"url\":\"https:\\\/\\\/exaltachocolate.com\\\/ca\",\"name\":\"exaltachocolate\",\"description\":\"Travelling flavours\",\"publisher\":{\"@id\":\"https:\\\/\\\/exaltachocolate.com\\\/ca#organization\"},\"potentialAction\":[{\"@type\":\"SearchAction\",\"target\":{\"@type\":\"EntryPoint\",\"urlTemplate\":\"https:\\\/\\\/exaltachocolate.com\\\/ca?s={search_term_string}\"},\"query-input\":{\"@type\":\"PropertyValueSpecification\",\"valueRequired\":true,\"valueName\":\"search_term_string\"}}],\"inLanguage\":\"ca\"},{\"@type\":\"Organization\",\"@id\":\"https:\\\/\\\/exaltachocolate.com\\\/ca#organization\",\"name\":\"exaltachocolate\",\"url\":\"https:\\\/\\\/exaltachocolate.com\\\/ca\",\"logo\":{\"@type\":\"ImageObject\",\"inLanguage\":\"ca\",\"@id\":\"https:\\\/\\\/exaltachocolate.com\\\/ca#\\\/schema\\\/logo\\\/image\\\/\",\"url\":\"https:\\\/\\\/exaltachocolate.com\\\/wp-content\\\/uploads\\\/2025\\\/10\\\/logo-color-corporatiu-.png\",\"contentUrl\":\"https:\\\/\\\/exaltachocolate.com\\\/wp-content\\\/uploads\\\/2025\\\/10\\\/logo-color-corporatiu-.png\",\"width\":2000,\"height\":1414,\"caption\":\"exaltachocolate\"},\"image\":{\"@id\":\"https:\\\/\\\/exaltachocolate.com\\\/ca#\\\/schema\\\/logo\\\/image\\\/\"}}]}<\/script>\n<!-- \/ Yoast SEO plugin. -->","yoast_head_json":{"title":"Bombons edici\u00f3 23 d'abril - exaltachocolate","description":"Prova la nostra edici\u00f3 especial pel 23 d'abril. Una col\u00b7lecci\u00f3 inspirada en la llegenda de Sant Jordi.","robots":{"index":"index","follow":"follow","max-snippet":"max-snippet:-1","max-image-preview":"max-image-preview:large","max-video-preview":"max-video-preview:-1"},"canonical":"https:\/\/exaltachocolate.com\/ca\/producte\/bombons-edicio-23-dabril","og_locale":"ca_ES","og_type":"article","og_title":"Bombons edici\u00f3 23 d'abril - exaltachocolate","og_description":"Prova la nostra edici\u00f3 especial pel 23 d'abril. Una col\u00b7lecci\u00f3 inspirada en la llegenda de Sant Jordi.","og_url":"https:\/\/exaltachocolate.com\/ca\/producte\/bombons-edicio-23-dabril","og_site_name":"exaltachocolate","article_modified_time":"2026-04-20T08:46:12+00:00","og_image":[{"width":350,"height":518,"url":"https:\/\/exaltachocolate.com\/wp-content\/uploads\/2026\/04\/exalta_fichas_producto-1.png","type":"image\/png"}],"twitter_card":"summary_large_image","twitter_misc":{"Temps estimat de lectura":"1 minut"},"schema":{"@context":"https:\/\/schema.org","@graph":[{"@type":"WebPage","@id":"https:\/\/exaltachocolate.com\/ca\/producte\/bombons-edicio-23-dabril","url":"https:\/\/exaltachocolate.com\/ca\/producte\/bombons-edicio-23-dabril","name":"Bombons edici\u00f3 23 d'abril - exaltachocolate","isPartOf":{"@id":"https:\/\/exaltachocolate.com\/ca#website"},"primaryImageOfPage":{"@id":"https:\/\/exaltachocolate.com\/ca\/producte\/bombons-edicio-23-dabril#primaryimage"},"image":{"@id":"https:\/\/exaltachocolate.com\/ca\/producte\/bombons-edicio-23-dabril#primaryimage"},"thumbnailUrl":"https:\/\/exaltachocolate.com\/wp-content\/uploads\/2026\/04\/exalta_fichas_producto-1.png","datePublished":"2026-04-17T13:52:29+00:00","dateModified":"2026-04-20T08:46:12+00:00","description":"Prova la nostra edici\u00f3 especial pel 23 d'abril. Una col\u00b7lecci\u00f3 inspirada en la llegenda de Sant Jordi.","breadcrumb":{"@id":"https:\/\/exaltachocolate.com\/ca\/producte\/bombons-edicio-23-dabril#breadcrumb"},"inLanguage":"ca","potentialAction":[{"@type":"ReadAction","target":["https:\/\/exaltachocolate.com\/ca\/producte\/bombons-edicio-23-dabril"]}]},{"@type":"ImageObject","inLanguage":"ca","@id":"https:\/\/exaltachocolate.com\/ca\/producte\/bombons-edicio-23-dabril#primaryimage","url":"https:\/\/exaltachocolate.com\/wp-content\/uploads\/2026\/04\/exalta_fichas_producto-1.png","contentUrl":"https:\/\/exaltachocolate.com\/wp-content\/uploads\/2026\/04\/exalta_fichas_producto-1.png","width":350,"height":518},{"@type":"BreadcrumbList","@id":"https:\/\/exaltachocolate.com\/ca\/producte\/bombons-edicio-23-dabril#breadcrumb","itemListElement":[{"@type":"ListItem","position":1,"name":"Portada","item":"https:\/\/exaltachocolate.com\/ca"},{"@type":"ListItem","position":2,"name":"Botiga","item":"https:\/\/exaltachocolate.com\/ca\/botiga"},{"@type":"ListItem","position":3,"name":"Bombons edici\u00f3 23 d&#8217;abril"}]},{"@type":"WebSite","@id":"https:\/\/exaltachocolate.com\/ca#website","url":"https:\/\/exaltachocolate.com\/ca","name":"exaltachocolate","description":"Travelling flavours","publisher":{"@id":"https:\/\/exaltachocolate.com\/ca#organization"},"potentialAction":[{"@type":"SearchAction","target":{"@type":"EntryPoint","urlTemplate":"https:\/\/exaltachocolate.com\/ca?s={search_term_string}"},"query-input":{"@type":"PropertyValueSpecification","valueRequired":true,"valueName":"search_term_string"}}],"inLanguage":"ca"},{"@type":"Organization","@id":"https:\/\/exaltachocolate.com\/ca#organization","name":"exaltachocolate","url":"https:\/\/exaltachocolate.com\/ca","logo":{"@type":"ImageObject","inLanguage":"ca","@id":"https:\/\/exaltachocolate.com\/ca#\/schema\/logo\/image\/","url":"https:\/\/exaltachocolate.com\/wp-content\/uploads\/2025\/10\/logo-color-corporatiu-.png","contentUrl":"https:\/\/exaltachocolate.com\/wp-content\/uploads\/2025\/10\/logo-color-corporatiu-.png","width":2000,"height":1414,"caption":"exaltachocolate"},"image":{"@id":"https:\/\/exaltachocolate.com\/ca#\/schema\/logo\/image\/"}}]}},"_links":{"self":[{"href":"https:\/\/exaltachocolate.com\/ca\/wp-json\/wp\/v2\/product\/16620","targetHints":{"allow":["GET"]}}],"collection":[{"href":"https:\/\/exaltachocolate.com\/ca\/wp-json\/wp\/v2\/product"}],"about":[{"href":"https:\/\/exaltachocolate.com\/ca\/wp-json\/wp\/v2\/types\/product"}],"version-history":[{"count":1,"href":"https:\/\/exaltachocolate.com\/ca\/wp-json\/wp\/v2\/product\/16620\/revisions"}],"predecessor-version":[{"id":16623,"href":"https:\/\/exaltachocolate.com\/ca\/wp-json\/wp\/v2\/product\/16620\/revisions\/16623"}],"wp:featuredmedia":[{"embeddable":true,"href":"https:\/\/exaltachocolate.com\/ca\/wp-json\/wp\/v2\/media\/16615"}],"wp:attachment":[{"href":"https:\/\/exaltachocolate.com\/ca\/wp-json\/wp\/v2\/media?parent=16620"}],"wp:term":[{"taxonomy":"product_brand","embeddable":true,"href":"https:\/\/exaltachocolate.com\/ca\/wp-json\/wp\/v2\/product_brand?post=16620"},{"taxonomy":"product_cat","embeddable":true,"href":"https:\/\/exaltachocolate.com\/ca\/wp-json\/wp\/v2\/product_cat?post=16620"},{"taxonomy":"product_tag","embeddable":true,"href":"https:\/\/exaltachocolate.com\/ca\/wp-json\/wp\/v2\/product_tag?post=16620"}],"curies":[{"name":"wp","href":"https:\/\/api.w.org\/{rel}","templated":true}]}}